{"id":782,"date":"2018-11-09T20:47:30","date_gmt":"2018-11-09T18:47:30","guid":{"rendered":"https:\/\/eebg.cat\/?page_id=782"},"modified":"2025-08-30T14:21:16","modified_gmt":"2025-08-30T12:21:16","slug":"vce","status":"publish","type":"page","link":"https:\/\/eebg.cat\/es\/vce\/","title":{"rendered":"Recopilaci\u00f3n de predicaciones VCE"},"content":{"rendered":"<p>Fruto del proyecto nacido como <strong>Videoteca Cultural Evang\u00e9lica<\/strong>, la presente recopilaci\u00f3n consta de una selecci\u00f3n de 681 sermones b\u00edblicos expuestos en la Iglesia Evang\u00e9lica Bautista de Gracia entre los a\u00f1os 1982 y 2007 por reconocidos predicadores evang\u00e9licos . Actualmente se encuentra integrada en el conjunto de predicaciones que esta iglesia ofrece a trav\u00e9s de la red.<\/p>\n<p>La Videoteca Cultural Evang\u00e9lica fue una iniciativa de <a href=\"https:\/\/eebg.cat\/vce\/el-proyecto\/\">Marc Fargas Compte<\/a>.<\/p>\n<h4>Lista de predicaciones<\/h4>\n<p><a href=\"https:\/\/eebg.cat\/vce\/lista-de-predicaciones-vce\/\">Lista de todas las predicaciones de VCE<\/a>.<\/p>\n<h4>B\u00fasqueda de predicaciones<\/h4>\n<h6><span style=\"color: #ffffff;\">&#8211;<\/span><\/h6>\n<form class=\"searchform\" role=\"search\" action=\"https:\/\/eebg.cat\/\" method=\"get\"><label><span class=\"screen-reader-text\">Search for:<\/span><br \/>\n<input class=\"s\" name=\"s\" type=\"search\" value=\"\" placeholder=\"Search\" \/><br \/>\n<\/label><br \/>\n<button class=\"searchsubmit\" type=\"submit\"><span class=\"screen-reader-text\">Search<\/span><i class=\"blicon-magnifier\"><\/i><\/button><\/form>\n<h6><span style=\"color: #ffffff;\">&#8211;<\/span><\/h6>\n<p>Para buscar una predicaci\u00f3n en la base de datos general de la iglesia, incluyendo VCE, introducir las palabras clave en el cuadro de b\u00fasqueda. Por ejemplo: <a href=\"https:\/\/eebg.cat\/?s=David+Burt+iglesia\"><em>David Burt iglesia<\/em><\/a><\/p>\n<p>Para buscar una predicaci\u00f3n exclusivamente en la base de datos de VCE, introducir la palabra &#8216;VCE&#8217; seguida del resto de palabras clave en el cuadro de b\u00fasqueda. Por ejemplo: <a href=\"https:\/\/eebg.cat\/?s=VCE+David+Burt+iglesia\"><em>VCE David Burt iglesia<\/em><\/a><\/p>\n<h4>Predicadores<\/h4>\n<p>Esta es la lista de predicadores de VCE:<\/p>\n<p><a href=\"https:\/\/eebg.cat\/category\/vce-eric-bermejo\/\">Eric Bermejo<\/a> | <a href=\"https:\/\/eebg.cat\/category\/vce-david-burt\/\">David F. Burt<\/a> | <a href=\"https:\/\/eebg.cat\/category\/vce-juan-camafort\/\">Juan Camafort<\/a> | <a href=\"https:\/\/eebg.cat\/category\/vce-timoteo-glasscock\/\">Timoteo Glasscock<\/a> | <a href=\"https:\/\/eebg.cat\/category\/vce-jose-grau\/\">Jos\u00e9 Grau<\/a> | <a href=\"https:\/\/eebg.cat\/category\/vce-j-guerola\/\">J. Guerola<\/a> | <a href=\"https:\/\/eebg.cat\/category\/vce-walter-hofkamp\/\">Walter Hofkamp<\/a> | <a href=\"https:\/\/eebg.cat\/category\/vce-jose-m-martinez\/\">Jos\u00e9 M. Mart\u00ednez<\/a> | <a href=\"https:\/\/eebg.cat\/category\/vce-pau-martinez\/\">Pablo Mart\u00ednez Vila<\/a> | <a href=\"https:\/\/eebg.cat\/category\/vce-david-morse\/\">David Morse<\/a> | <a href=\"https:\/\/eebg.cat\/category\/vce-stuart-park\/\">Stuart Park<\/a> | <a href=\"https:\/\/eebg.cat\/category\/vce-orellano-perez\/\">Orellano P\u00e9rez<\/a> | <a href=\"https:\/\/eebg.cat\/category\/vce-samuel-perez-millos\/\">Samuel P\u00e9rez Millos<\/a> | <a href=\"https:\/\/eebg.cat\/category\/vce-pedro-sanjaime\/\">Pedro Sanjaime<\/a> | <a href=\"https:\/\/eebg.cat\/category\/vce-jose-de-segovia\/\">Jos\u00e9 de Segovia<\/a> | <a href=\"https:\/\/eebg.cat\/category\/vce-j-stunt\/\">J. Stunt<\/a> | <a href=\"https:\/\/eebg.cat\/category\/vce-roberto-velert\/\">Roberto Velert<\/a><\/p>\n<h4>Series<\/h4>\n<p>Estas son las series tem\u00e1ticas en que se encuentran agrupadas las predicaciones. Para buscar una palabra clave que no se encuentre en esta lista, introducirla en el cuadro de b\u00fasqueda de m\u00e1s arriba.<\/p>\n<ul>\n<li><a href=\"https:\/\/eebg.cat\/tag\/vce-buscando-a-dios\/\">Buscando a Dios<\/a><\/li>\n<li><a href=\"https:\/\/eebg.cat\/tag\/vce-calidad-en-la-vida-cristiana\/\">Calidad en la vida cristiana<\/a><\/li>\n<li><a href=\"https:\/\/eebg.cat\/tag\/vce-colosenses\/\">Colosenses<\/a><\/li>\n<li><a href=\"https:\/\/eebg.cat\/tag\/vce-colosenses-capitulo-1\/\">Colosenses, Cap\u00edtulo 1<\/a><\/li>\n<li><a href=\"https:\/\/eebg.cat\/tag\/vce-colosenses-capitulo-2\/\">Colosenses, Cap\u00edtulo 2<\/a><\/li>\n<li><a href=\"https:\/\/eebg.cat\/tag\/vce-colosenses-capitulo-3\/\">Colosenses, Cap\u00edtulo 3<\/a><\/li>\n<li><a href=\"https:\/\/eebg.cat\/tag\/vce-colosenses-capitulo-4\/\">Colosenses, Cap\u00edtulo 4<\/a><\/li>\n<li><a href=\"https:\/\/eebg.cat\/tag\/vce-como-viendo-a-jesus\/\">Como viendo a Jes\u00fas<\/a><\/li>\n<li><a href=\"https:\/\/eebg.cat\/tag\/vce-cristianos-a-finales-del-siglo-xx\/\">Cristianos a finales del Siglo XX<\/a><\/li>\n<li><a href=\"https:\/\/eebg.cat\/tag\/vce-disciplina-en-la-iglesia\/\">Disciplina en la Iglesia<\/a><\/li>\n<li><a href=\"https:\/\/eebg.cat\/tag\/vce-efesios-capitulo-1\/\">Efesios, Cap\u00edtulo 1<\/a><\/li>\n<li><a href=\"https:\/\/eebg.cat\/tag\/vce-efesios-capitulo-2\/\">Efesios, Cap\u00edtulo 2<\/a><\/li>\n<li><a href=\"https:\/\/eebg.cat\/tag\/vce-efesios-capitulo-3\/\">Efesios, Cap\u00edtulo 3<\/a><\/li>\n<li><a href=\"https:\/\/eebg.cat\/tag\/vce-efesios-capitulo-4\/\">Efesios, Cap\u00edtulo 4<\/a><\/li>\n<li><a href=\"https:\/\/eebg.cat\/tag\/vce-efesios-capitulo-5\/\">Efesios, Cap\u00edtulo 5<\/a><\/li>\n<li><a href=\"https:\/\/eebg.cat\/tag\/vce-efesios-capitulo-6\/\">Efesios, Cap\u00edtulo 6<\/a><\/li>\n<li><a href=\"https:\/\/eebg.cat\/tag\/vce-el-anticristo\/\">El Anticristo<\/a><\/li>\n<li><a href=\"https:\/\/eebg.cat\/tag\/vce-el-catolicismo-romano\/\">El catolicismo romano<\/a><\/li>\n<li><a href=\"https:\/\/eebg.cat\/tag\/vce-el-padre-nuestro\/\">El Padre Nuestro<\/a><\/li>\n<li><a href=\"https:\/\/eebg.cat\/tag\/vce-el-porque-del-sufrimiento\/\">El porqu\u00e9 del sufrimiento<\/a><\/li>\n<li><a href=\"https:\/\/eebg.cat\/tag\/vce-el-sermon-del-monte\/\">El serm\u00f3n del monte<\/a><\/li>\n<li><a href=\"https:\/\/eebg.cat\/tag\/vce-encuentros-con-jesus\/\">Encuentros con Jes\u00fas<\/a><\/li>\n<li><a href=\"https:\/\/eebg.cat\/tag\/vce-ester\/\">Ester<\/a><\/li>\n<li><a href=\"https:\/\/eebg.cat\/tag\/vce-evangelio-de-mateo-capitulo-8\/\">Evangelio de Mateo, Cap\u00edtulo 8<\/a><\/li>\n<li><a href=\"https:\/\/eebg.cat\/tag\/vce-evangelio-de-mateo-capitulo-9\/\">Evangelio de Mateo, Cap\u00edtulo 9<\/a><\/li>\n<li><a href=\"https:\/\/eebg.cat\/tag\/vce-evangelio-de-mateo-capitulo-10\/\">Evangelio de Mateo, Cap\u00edtulo 10<\/a><\/li>\n<li><a href=\"https:\/\/eebg.cat\/tag\/vce-evangelio-de-mateo-capitulo-11\/\">Evangelio de Mateo, Cap\u00edtulo 11<\/a><\/li>\n<li><a href=\"https:\/\/eebg.cat\/tag\/vce-evangelio-de-mateo-capitulo-12\/\">Evangelio de Mateo, Cap\u00edtulo 12<\/a><\/li>\n<li><a href=\"https:\/\/eebg.cat\/tag\/vce-evangelio-de-mateo-capitulo-13\/\">Evangelio de Mateo, Cap\u00edtulo 13<\/a><\/li>\n<li><a href=\"https:\/\/eebg.cat\/tag\/vce-evangelio-de-mateo-capitulo-14\/\">Evangelio de Mateo, Cap\u00edtulo 14<\/a><\/li>\n<li><a href=\"https:\/\/eebg.cat\/tag\/vce-filemon\/\">Filem\u00f3n<\/a><\/li>\n<li><a href=\"https:\/\/eebg.cat\/tag\/vce-hebreos-capitulo-1\/\">Hebreos, Cap\u00edtulo 1<\/a><\/li>\n<li><a href=\"https:\/\/eebg.cat\/tag\/vce-hebreos-capitulo-2\/\">Hebreos, Cap\u00edtulo 2<\/a><\/li>\n<li><a href=\"https:\/\/eebg.cat\/tag\/vce-hebreos-capitulo-3\/\">Hebreos, Cap\u00edtulo 3<\/a><\/li>\n<li><a href=\"https:\/\/eebg.cat\/tag\/vce-hebreos-capitulo-4\/\">Hebreos, Cap\u00edtulo 4<\/a><\/li>\n<li><a href=\"https:\/\/eebg.cat\/tag\/vce-hebreos-capitulo-5\/\">Hebreos, Cap\u00edtulo 5<\/a><\/li>\n<li><a href=\"https:\/\/eebg.cat\/tag\/vce-hebreos-capitulo-6\/\">Hebreos, Cap\u00edtulo 6<\/a><\/li>\n<li><a href=\"https:\/\/eebg.cat\/tag\/vce-hebreos-capitulo-7\/\">Hebreos, Cap\u00edtulo 7<\/a><\/li>\n<li><a href=\"https:\/\/eebg.cat\/tag\/vce-hebreos-capitulo-8\/\">Hebreos, Cap\u00edtulo 8<\/a><\/li>\n<li><a href=\"https:\/\/eebg.cat\/tag\/vce-hebreos-capitulo-9\/\">Hebreos, Cap\u00edtulo 9<\/a><\/li>\n<li><a href=\"https:\/\/eebg.cat\/tag\/vce-hebreos-capitulo-10\/\">Hebreos, Cap\u00edtulo 10<\/a><\/li>\n<li><a href=\"https:\/\/eebg.cat\/tag\/vce-hebreos-capitulo-11\/\">Hebreos, Cap\u00edtulo 11<\/a><\/li>\n<li><a href=\"https:\/\/eebg.cat\/tag\/vce-hebreos-capitulo-12\/\">Hebreos, Cap\u00edtulo 12<\/a><\/li>\n<li><a href=\"https:\/\/eebg.cat\/tag\/vce-hebreos-capitulo-13\/\">Hebreos, Cap\u00edtulo 13<\/a><\/li>\n<li><a href=\"https:\/\/eebg.cat\/tag\/vce-jehova-dios-del-pacto\/\">Jehov\u00e1 Dios del pacto<\/a><\/li>\n<li><a href=\"https:\/\/eebg.cat\/tag\/vce-jonas\/\">Jon\u00e1s<\/a><\/li>\n<li><a href=\"https:\/\/eebg.cat\/tag\/vce-la-adoracion-con-isaias\/\">La adoraci\u00f3n con Isa\u00edas<\/a><\/li>\n<li><a href=\"https:\/\/eebg.cat\/tag\/vce-la-autoridad-divina\/\">La autoridad divina<\/a><\/li>\n<li><a href=\"https:\/\/eebg.cat\/tag\/vce-la-cruz-y-el-creyente\/\">La cruz y el creyente<\/a><\/li>\n<li><a href=\"https:\/\/eebg.cat\/tag\/vce-la-evangelizacion\/\">La evangelizaci\u00f3n<\/a><\/li>\n<li><a href=\"https:\/\/eebg.cat\/tag\/vce-la-guerra-espiritual\/\">La guerra espiritual<\/a><\/li>\n<li><a href=\"https:\/\/eebg.cat\/tag\/vce-la-teologia-de-la-liberacion\/\">La teolog\u00eda de la liberaci\u00f3n<\/a><\/li>\n<li><a href=\"https:\/\/eebg.cat\/tag\/vce-las-cosas-que-no-se-ven\/\">Las cosas que no se ven<\/a><\/li>\n<li><a href=\"https:\/\/eebg.cat\/tag\/vce-los-poderes-ocultos\/\">Los poderes ocultos<\/a><\/li>\n<li><a href=\"https:\/\/eebg.cat\/tag\/vce-los-silencios-de-dios\/\">Los silencios de Dios<\/a><\/li>\n<li><a href=\"https:\/\/eebg.cat\/tag\/vce-los-tesoros-del-calvario\/\">Los tesoros del Calvario<\/a><\/li>\n<li><a href=\"https:\/\/eebg.cat\/tag\/vce-momentos-decisivos\/\">Momentos decisivos<\/a><\/li>\n<li><a href=\"https:\/\/eebg.cat\/tag\/vce-noticias-para-el-hombre-de-hoy\/\">Noticias para el hombre de hoy<\/a><\/li>\n<li><a href=\"https:\/\/eebg.cat\/tag\/vce-pasion-y-triunfo-de-jesus\/\">Pasi\u00f3n y triunfo de Jes\u00fas<\/a><\/li>\n<li><a href=\"https:\/\/eebg.cat\/tag\/vce-peregrinos\/\">Peregrinos<\/a><\/li>\n<li><a href=\"https:\/\/eebg.cat\/tag\/vce-que-quiere-dios-del-hombre\/\">\u00bfQu\u00e9 quiere Dios del hombre?<\/a><\/li>\n<li><a href=\"https:\/\/eebg.cat\/tag\/vce-quien-es-jesus\/\">\u00bfQui\u00e9n es Jes\u00fas?<\/a><\/li>\n<li><a href=\"https:\/\/eebg.cat\/tag\/vce-salmo-2\/\">Salmo 2<\/a><\/li>\n<li><a href=\"https:\/\/eebg.cat\/tag\/vce-salmo-15\/\">Salmo 15<\/a><\/li>\n<li><a href=\"https:\/\/eebg.cat\/tag\/vce-santiago-capitulo-1\/\">Santiago, Cap\u00edtulo 1<\/a><\/li>\n<li><a href=\"https:\/\/eebg.cat\/tag\/vce-santiago-capitulo-2\/\">Santiago, Cap\u00edtulo 2<\/a><\/li>\n<li><a href=\"https:\/\/eebg.cat\/tag\/vce-santiago-capitulo-3\/\">Santiago, Cap\u00edtulo 3<\/a><\/li>\n<li><a href=\"https:\/\/eebg.cat\/tag\/vce-santiago-capitulo-4\/\">Santiago, Cap\u00edtulo 4<\/a><\/li>\n<li><a href=\"https:\/\/eebg.cat\/tag\/vce-santiago-capitulo-5\/\">Santiago, Cap\u00edtulo 5<\/a><\/li>\n<li><a href=\"https:\/\/eebg.cat\/tag\/vce-temas-varios\/\">Temas varios<\/a><\/li>\n<li><a href=\"https:\/\/eebg.cat\/tag\/vce-1-tesalonicenses\/\">1 Tesalonicenses<\/a><\/li>\n<li><a href=\"https:\/\/eebg.cat\/tag\/vce-testigos-de-jehova\/\">Testigos de Jehov\u00e1<\/a><\/li>\n<li><a href=\"https:\/\/eebg.cat\/tag\/vce-verdades-vitales\/\">Verdades vitales<\/a><\/li>\n<\/ul>\n","protected":false},"excerpt":{"rendered":"<p>Fruto del proyecto nacido como Videoteca Cultural Evang\u00e9lica, la presente recopilaci\u00f3n consta de una selecci\u00f3n de 681 sermones b\u00edblicos expuestos en la Iglesia Evang\u00e9lica Bautista de Gracia entre los a\u00f1os &hellip;<\/p>\n","protected":false},"author":1,"featured_media":8005,"parent":0,"menu_order":0,"comment_status":"closed","ping_status":"closed","template":"","meta":{"footnotes":""},"class_list":["post-782","page","type-page","status-publish","has-post-thumbnail","hentry"],"translation":{"provider":"WPGlobus","version":"3.0.2","language":"es","enabled_languages":["ca","es"],"languages":{"ca":{"title":true,"content":true,"excerpt":false},"es":{"title":false,"content":false,"excerpt":false}}},"_links":{"self":[{"href":"https:\/\/eebg.cat\/es\/wp-json\/wp\/v2\/pages\/782","targetHints":{"allow":["GET"]}}],"collection":[{"href":"https:\/\/eebg.cat\/es\/wp-json\/wp\/v2\/pages"}],"about":[{"href":"https:\/\/eebg.cat\/es\/wp-json\/wp\/v2\/types\/page"}],"author":[{"embeddable":true,"href":"https:\/\/eebg.cat\/es\/wp-json\/wp\/v2\/users\/1"}],"replies":[{"embeddable":true,"href":"https:\/\/eebg.cat\/es\/wp-json\/wp\/v2\/comments?post=782"}],"version-history":[{"count":10,"href":"https:\/\/eebg.cat\/es\/wp-json\/wp\/v2\/pages\/782\/revisions"}],"predecessor-version":[{"id":14861,"href":"https:\/\/eebg.cat\/es\/wp-json\/wp\/v2\/pages\/782\/revisions\/14861"}],"wp:featuredmedia":[{"embeddable":true,"href":"https:\/\/eebg.cat\/es\/wp-json\/wp\/v2\/media\/8005"}],"wp:attachment":[{"href":"https:\/\/eebg.cat\/es\/wp-json\/wp\/v2\/media?parent=782"}],"curies":[{"name":"wp","href":"https:\/\/api.w.org\/{rel}","templated":true}]}}