{"id":683,"date":"2018-03-03T14:25:40","date_gmt":"2018-03-03T12:25:40","guid":{"rendered":"https:\/\/eebg.cat\/?page_id=683"},"modified":"2025-01-16T09:13:11","modified_gmt":"2025-01-16T08:13:11","slug":"horaris","status":"publish","type":"page","link":"https:\/\/eebg.cat\/es\/horaris\/","title":{"rendered":"Horarios"},"content":{"rendered":"<div class=\"entry-content clearfix\">\n<p>\u00bfQu\u00e9 d\u00eda quieres venir? Echa un vistazo a nuestros horarios y escoge t\u00fa mismo.<br \/>\nPara saber m\u00e1s sobre actividades y fechas concretas, consulta nuestra <a href=\"https:\/\/eebg.cat\/es\/agenda\/\">agenda<\/a>.<\/p>\n<p style=\"padding-left: 30px; text-align: left;\"><strong>Culto del domingo<\/strong><br \/>\n<strong>\u00a0\u00b7<\/strong> Ma\u00f1ana: a las 11:00h.<\/p>\n<p style=\"padding-left: 30px; text-align: left;\"><strong>Reuniones de oraci\u00f3n<\/strong><br \/>\n<strong>\u00a0\u00b7<\/strong> Jueves: a las 20:00h (en l\u00ednea).<br \/>\n<strong>\u00a0\u00b7<\/strong> Viernes: a las 20:00h (quincenal, en l\u00ednea).<br \/>\n<strong>\u00a0\u00b7<\/strong> Domingo: a las 10:00h.<\/p>\n<p style=\"padding-left: 30px; text-align: left;\"><strong>Estudios b\u00edblicos<\/strong><br \/>\n<strong> \u00b7<\/strong> Mi\u00e9rcoles: a las 20:00h (en l\u00ednea).<br \/>\n<strong> \u00b7<\/strong> Domingo: a las 17:30h (quincenal, en l\u00ednea).<\/p>\n<p style=\"padding-left: 30px; text-align: left;\"><strong>Reuniones del s\u00e1bado<\/strong><br \/>\n<strong>\u00a0\u00b7<\/strong> Grupos Juveniles: a las 16:30h (quincenal).<br \/>\n<strong>\u00a0\u00b7<\/strong> Grupo de J\u00f3venes: a las 19:30h.<br \/>\n<strong>\u00a0\u00b7<\/strong> Grupo de Familias: a las 19:00h (cada dos meses).<\/p>\n<p style=\"padding-left: 30px; text-align: left;\"><strong>Distribuci\u00f3n de alimentos y ropa<\/strong><br \/>\n<strong>\u00a0\u00b7<\/strong> Segundo y cuarto viernes de cada mes de 17:15h a 19:00h.<\/p>\n<p><!--\n\n\n<p style=\"padding-left: 30px; text-align: left;\"><strong>Asesor\u00eda legal i judicial para extranjer\u00eda<\/strong>\n<strong>\u00a0\u00b7<\/strong> Segundo y cuarto viernes de cada mes de 17:15h a 19:00h.<\/p>\n\n\n-->\n<\/div>\n","protected":false},"excerpt":{"rendered":"<p>\u00bfQu\u00e9 d\u00eda quieres venir? Echa un vistazo a nuestros horarios y escoge t\u00fa mismo. Para saber m\u00e1s sobre actividades y fechas concretas, consulta nuestra agenda. Culto del domingo \u00a0\u00b7 Ma\u00f1ana: &hellip;<\/p>\n","protected":false},"author":1,"featured_media":0,"parent":0,"menu_order":0,"comment_status":"closed","ping_status":"closed","template":"","meta":{"footnotes":""},"class_list":["post-683","page","type-page","status-publish","hentry"],"translation":{"provider":"WPGlobus","version":"3.0.2","language":"es","enabled_languages":["ca","es"],"languages":{"ca":{"title":true,"content":true,"excerpt":false},"es":{"title":true,"content":true,"excerpt":false}}},"_links":{"self":[{"href":"https:\/\/eebg.cat\/es\/wp-json\/wp\/v2\/pages\/683","targetHints":{"allow":["GET"]}}],"collection":[{"href":"https:\/\/eebg.cat\/es\/wp-json\/wp\/v2\/pages"}],"about":[{"href":"https:\/\/eebg.cat\/es\/wp-json\/wp\/v2\/types\/page"}],"author":[{"embeddable":true,"href":"https:\/\/eebg.cat\/es\/wp-json\/wp\/v2\/users\/1"}],"replies":[{"embeddable":true,"href":"https:\/\/eebg.cat\/es\/wp-json\/wp\/v2\/comments?post=683"}],"version-history":[{"count":20,"href":"https:\/\/eebg.cat\/es\/wp-json\/wp\/v2\/pages\/683\/revisions"}],"predecessor-version":[{"id":13960,"href":"https:\/\/eebg.cat\/es\/wp-json\/wp\/v2\/pages\/683\/revisions\/13960"}],"wp:attachment":[{"href":"https:\/\/eebg.cat\/es\/wp-json\/wp\/v2\/media?parent=683"}],"curies":[{"name":"wp","href":"https:\/\/api.w.org\/{rel}","templated":true}]}}