{"id":681,"date":"2018-03-03T14:25:00","date_gmt":"2018-03-03T12:25:00","guid":{"rendered":"https:\/\/eebg.cat\/?page_id=681"},"modified":"2025-02-03T22:26:18","modified_gmt":"2025-02-03T21:26:18","slug":"que-fem","status":"publish","type":"page","link":"https:\/\/eebg.cat\/es\/que-fem\/","title":{"rendered":"Qu\u00e9 hacemos"},"content":{"rendered":"<h5><strong>ESCUELA DOMINICAL INFANTIL<\/strong><\/h5>\n<p>La escuela dominical es el lugar donde ni\u00f1os y ni\u00f1as nos reunimos los domingos por la ma\u00f1ana para aprender de Dios y conocerle. Los maestros nos explican historias de la Biblia y hablamos de lo que nos preocupa. Aprendemos cosas sobre otros pa\u00edses y sus necesidades. Hacemos manualidades, jugamos, re\u00edmos y preparamos obras de teatro para fechas especiales.<\/p>\n<p>M\u00e1s informaci\u00f3n en: <a href=\"mailto:educacio@eebg.cat\">educacio@eebg.cat<\/a><\/p>\n<h5><strong>ESPACIO DE TIEMPO LIBRE infantil i juvenil \u00abGrups Juvenils\u00bb<\/strong><\/h5>\n<p>Grups Juvenils es nuestro espacio de tiempo libre los s\u00e1bados por la tarde para ni\u00f1os y ni\u00f1as de 5 a 17 a\u00f1os. \u00bfSab\u00edas que fue uno de los primeros de Barcelona? \u00a1Tenemos m\u00e1s de 50 a\u00f1os de historia! Jugamos, vamos de excursi\u00f3n, de campamentos, hacemos manualidades, gincanas, visitamos museos y muchas cosas m\u00e1s. Lo pasamos muy bien con nuestros amigos, y una de las actividades que m\u00e1s nos gusta es dedicar parte de nuestro tiempo a ayudar a los m\u00e1s necesitados, como por ejemplo: la visita a gente mayor en residencias, hospitales, e incluso en su casa. \u00a1Su sonrisa es nuestra recompensa! Todo lo que hacemos tiene un eje central que es Jes\u00fas. Seguimos su ejemplo y trabajamos los valores cristianos en nuestras actividades. Puedes quedarte en casa y aburrirte o venir con nosotros. \u00a1Te esperamos!<\/p>\n<p>M\u00e1s informaci\u00f3n en: <a href=\"mailto:juvenils@eebg.cat\">juvenils@eebg.cat<\/a><\/p>\n<h5><strong>Grupo de J\u00f3venes<\/strong><\/h5>\n<p>Somos un grupo de j\u00f3venes de entre 18 y 25 a\u00f1os que creemos en Dios y queremos vivir tal como Jes\u00fas nos ense\u00f1\u00f3. Por eso nos encontramos para estudiar la Biblia y pasarlo bien haciendo salidas, deporte, campamentos y muchas actividades m\u00e1s que puedes descubrir si nos acompa\u00f1as. Nos reunimos cada s\u00e1bado a las 19h. \u00bfQu\u00e9 te parecer\u00eda venir y conocernos? \u00a1Contamos contigo!<\/p>\n<p>M\u00e1s informaci\u00f3n en: <a href=\"mailto:joves@eebg.cat\">joves@eebg.cat<\/a><\/p>\n<h5><strong>Grupo de Alabanza<\/strong><\/h5>\n<p>El grupo de alabanza lo formamos un equipo de personas a las que nos gusta la m\u00fasica y la queremos poner al servicio de Dios y de la iglesia, as\u00ed como nuestros dones y aptitudes musicales. Amamos a Dios y le cantamos para agradecerle todo lo que hace en nuestras vidas. Nos reunimos cada semana en los ensayos y participamos en el culto los domingos a las 11h.<\/p>\n<p>M\u00e1s informaci\u00f3n en: <a href=\"mailto:lloar@eebg.cat\">lloar@eebg.cat<\/a><\/p>\n<h5><strong>Grupo de familias<\/strong><\/h5>\n<p>Este grupo lo formamos todas las familias con o sin hijos con el deseo de compartir dudas, preocupaciones, ilusiones y retos con otras familias. Nos encontramos cada tres meses para tratar temas de actualidad relacionados con la familia, las relaciones familiares, la educaci\u00f3n en los valores, los hijos adolescentes, etc. desde una perspectiva b\u00edblica. Tenemos dos actividades consolidadas, una salida a la nieve para disfrutar de la naturaleza y una cena rom\u00e1ntica en el mes de abril enfocado a las parejas.<\/p>\n<p>M\u00e1s informaci\u00f3n en: <a href=\"mailto:families@eebg.cat\">families@eebg.cat<\/a><\/p>\n<h5><strong>Tercera Edad<\/strong><\/h5>\n<p>Nuestra iglesia es como una gran familia, y en las grandes familias no faltan los abuelos. Tenemos un equipo que dedica parte de su tiempo a atender a personas mayores y visitarlas regularmente. Este equipo tambi\u00e9n coordina las visitas especiales que realizan los ni\u00f1os y j\u00f3venes regalando alg\u00fan detalle preparado en el espacio de tiempo libre\u00a0 y amenizando la visita con m\u00fasica y canciones.<\/p>\n<p>M\u00e1s informaci\u00f3n en: <a href=\"mailto:info@eebg.cat\">info@eebg.cat<\/a><\/p>\n<h5><strong>Grupo de Oraci\u00f3n<\/strong><\/h5>\n<p>Creemos en un Dios vivo que escucha nuestras oraciones y creemos en una relaci\u00f3n personal con \u00e9l. Vemos las necesidades y problemas que nos rodean y tambi\u00e9n vemos como Dios act\u00faa en nuestras vidas y nos va guiando. Nos reunimos online todos los jueves a las 20h y los domingos en la iglesia a las 10h para orar juntos, pidiendo a Dios por las necesidades y situaciones que nos rodean y para darle gracias por su cuidado hacia nosotros. Los viernes, cada dos semanas, tambi\u00e9n nos reunimos online a las 20h para orar por situaciones de todo el mundo que tienen que ver con otras iglesias y misioneros. Desgraciadamente, hay pa\u00edses donde no hay libertad religiosa, y constantemente recibimos noticias de cristianos que sufren persecuci\u00f3n por parte de las autoridades.<\/p>\n<p>M\u00e1s informaci\u00f3n en: <a href=\"mailto:pregaria@eebg.cat\">pregaria@eebg.cat<\/a><\/p>\n<h5><strong>Actividades Fraternales<\/strong><\/h5>\n<p>Somos una gran comunidad y nos gusta estar juntos y compartir momentos agradables, divertidos y llenos de vida. La actividad m\u00e1s destacada es nuestro retiro anual. Juntos pasamos un fin de semana rodeados de naturaleza para aprender m\u00e1s de Dios, estudiando la Biblia y disfrutando de la comuni\u00f3n fraternal. Tambi\u00e9n organizamos salidas culturales y comidas donde cualquiera es bienvenido, en un buen ambiente, cordial y de amistad, porque lo que nos mueve es el amor de Dios.<\/p>\n<p>M\u00e1s informaci\u00f3n en: <a href=\"mailto:fraternals@eebg.cat\">fraternals@eebg.cat<\/a><\/p>\n<h5><strong>Grupos de estudio b\u00edblico<\/strong><\/h5>\n<p>Creemos que la Biblia es la Palabra de Dios y queremos conocer a Dios en profundidad. Hay varios grupos que se re\u00fanen online para estudiar la Biblia juntos. Si quieres unirte a uno de estos grupos, est\u00e1s invitado\/a.<\/p>\n<p>M\u00e1s informaci\u00f3n en: <a href=\"mailto:info@eebg.cat\">info@eebg.cat<\/a><\/p>\n<h5><strong>Obra Social<\/strong><\/h5>\n<p>Somos sensibles a las necesidades y, siguiendo el ejemplo de Jes\u00fas, queremos ayudar a aquellos que m\u00e1s lo necesitan. En coordinaci\u00f3n con la trabajadora social del Distrito de Gracia, ayudamos a familias del barrio y a familias de la iglesia. El amor de Dios nos mueve a ser solidarios con los que tenemos alrededor, con diferentes entidades de ayuda social, residencias infantiles, hospital evang\u00e9lico&#8230; y con las peticiones de ayuda m\u00e1s urgentes que nos llegan de todo el mundo a causa de cat\u00e1strofes naturales o de otro tipo. Disponemos de un servicio de ropa que vamos renovando con aportaciones de la iglesia y tambi\u00e9n de un espacio solidario que cada domingo ofrece caf\u00e9 y pastas para recoger fondos destinados a proyectos concretos.<\/p>\n<p>M\u00e1s informaci\u00f3n en: <a href=\"mailto:social@eebg.cat\">social@eebg.cat<\/a><\/p>\n<h5><strong>Actividades en el Barrio<\/strong><\/h5>\n<p>Estamos en el barrio de Gracia desde el a\u00f1o 1914. Formamos parte de su historia y queremos aportar nuestro grano de arena para crecer juntos y mejorar en aspectos diversos como el social, el cultural, y la pr\u00e1ctica de la solidaridad. Organizamos talleres gratuitos para fomentar el \u00e1rea social y favorecer la creatividad. Ofrecemos conciertos de diferentes estilos musicales y alguna exposici\u00f3n de obras de arte, as\u00ed como obras de teatro. Participamos en el d\u00eda del libro con actividades y juegos para los m\u00e1s peque\u00f1os y tenemos un ciclo de conferencias anual para tratar temas de actualidad, crecimiento personal, espiritualidad y fe, entre otros. Asimismo, todas nuestras reuniones y encuentros est\u00e1n abiertos a todo aqu\u00e9l que quiera venir y conocer m\u00e1s de la fe en Jes\u00fas, y c\u00f3mo esta influye en nuestra vida.<\/p>\n<p>M\u00e1s informaci\u00f3n en: <a href=\"mailto:contacte@eebg.cat\">contacte@eebg.cat<\/a><\/p>\n<h5><strong>Biblioteca<\/strong><\/h5>\n<p>En los libros encontramos todo un mundo por descubrir y en nuestra iglesia disponemos de una amplia biblioteca de libros de autores cristianos que nos hablan de much\u00edsimos temas. Desde estudios de libros concretos de la Biblia, a temas de familia, apolog\u00e9tica, vida cristiana, teolog\u00eda, educaci\u00f3n e hijos, espiritualidad, crecimiento personal, ecolog\u00eda, etc. El eje central es lo que dice Dios en la Biblia y, mediante su lectura, Dios nos habla y aconseja sobre todos los aspectos de la vida.<\/p>\n<p>M\u00e1s informaci\u00f3n en: <a href=\"mailto:info@eebg.cat\">info@eebg.cat<\/a><\/p>\n","protected":false},"excerpt":{"rendered":"<p>ESCUELA DOMINICAL INFANTIL La escuela dominical es el lugar donde ni\u00f1os y ni\u00f1as nos reunimos los domingos por la ma\u00f1ana para aprender de Dios y conocerle. Los maestros nos explican &hellip;<\/p>\n","protected":false},"author":1,"featured_media":0,"parent":0,"menu_order":0,"comment_status":"closed","ping_status":"closed","template":"","meta":{"footnotes":""},"class_list":["post-681","page","type-page","status-publish","hentry"],"translation":{"provider":"WPGlobus","version":"3.0.2","language":"es","enabled_languages":["ca","es"],"languages":{"ca":{"title":true,"content":true,"excerpt":false},"es":{"title":true,"content":true,"excerpt":false}}},"_links":{"self":[{"href":"https:\/\/eebg.cat\/es\/wp-json\/wp\/v2\/pages\/681","targetHints":{"allow":["GET"]}}],"collection":[{"href":"https:\/\/eebg.cat\/es\/wp-json\/wp\/v2\/pages"}],"about":[{"href":"https:\/\/eebg.cat\/es\/wp-json\/wp\/v2\/types\/page"}],"author":[{"embeddable":true,"href":"https:\/\/eebg.cat\/es\/wp-json\/wp\/v2\/users\/1"}],"replies":[{"embeddable":true,"href":"https:\/\/eebg.cat\/es\/wp-json\/wp\/v2\/comments?post=681"}],"version-history":[{"count":6,"href":"https:\/\/eebg.cat\/es\/wp-json\/wp\/v2\/pages\/681\/revisions"}],"predecessor-version":[{"id":14060,"href":"https:\/\/eebg.cat\/es\/wp-json\/wp\/v2\/pages\/681\/revisions\/14060"}],"wp:attachment":[{"href":"https:\/\/eebg.cat\/es\/wp-json\/wp\/v2\/media?parent=681"}],"curies":[{"name":"wp","href":"https:\/\/api.w.org\/{rel}","templated":true}]}}