{"id":678,"date":"2018-03-03T14:24:27","date_gmt":"2018-03-03T12:24:27","guid":{"rendered":"https:\/\/eebg.cat\/?page_id=678"},"modified":"2018-03-03T14:24:27","modified_gmt":"2018-03-03T12:24:27","slug":"qui-som","status":"publish","type":"page","link":"https:\/\/eebg.cat\/es\/qui-som\/","title":{"rendered":"Qui\u00e9nes somos"},"content":{"rendered":"<p>Somos un grupo de personas que ha descubierto la paz, la confianza y la alegr\u00eda en el amor de Dios. Queremos compartir contigo este regalo, que nos conozcas mejor, que sepas qui\u00e9nes somos y qu\u00e9 hacemos. Te animamos a venir y a escuchar mensajes pr\u00e1cticos para la vida diaria inspirados en la sabidur\u00eda de Dios.<\/p>\n<p>Cada domingo nos reunimos para alabar a Dios, orar, cantar y escuchar su Palabra, que es la Biblia. Nos gusta estar juntos, ayudarnos los unos a los otros mediante el estudio de la Biblia y realizar juntos diversas actividades. Todo lo que hacemos es para agradar a Dios y conocerlo m\u00e1s, para que nuestra vida y la de los que nos rodean sea cada d\u00eda mejor. Entre las actividades que realizamos, tenemos la ayuda destinada a familias del barrio en colaboraci\u00f3n con la trabajadora social, as\u00ed como aportaciones a ONG y a otras entidades de todo el mundo.<\/p>\n<p>En nuestra iglesia ser\u00e1s bienvenido\/da. Consulta nuestras actividades y, simplemente, ven!<\/p>\n<p><span style=\"color: #ffffff;\">.<\/span><\/p>\n<div style=\"width: 1297px;\" class=\"wp-video\"><video class=\"wp-video-shortcode\" id=\"video-678-1\" width=\"1297\" height=\"730\" poster=\"https:\/\/eebg.cat\/wp-content\/uploads\/EEBG_Lipdub_2020_auditori.jpg\" preload=\"metadata\" controls=\"controls\"><source type=\"video\/mp4\" src=\"https:\/\/eebg.cat\/wp-content\/uploads\/EEBG_Lipdub_2020.mp4?_=1\" \/><a href=\"https:\/\/eebg.cat\/wp-content\/uploads\/EEBG_Lipdub_2020.mp4\">https:\/\/eebg.cat\/wp-content\/uploads\/EEBG_Lipdub_2020.mp4<\/a><\/video><\/div>\n","protected":false},"excerpt":{"rendered":"<p>Somos un grupo de personas que ha descubierto la paz, la confianza y la alegr\u00eda en el amor de Dios. Queremos compartir contigo este regalo, que nos conozcas mejor, que &hellip;<\/p>\n","protected":false},"author":1,"featured_media":0,"parent":0,"menu_order":0,"comment_status":"closed","ping_status":"closed","template":"","meta":{"footnotes":""},"class_list":["post-678","page","type-page","status-publish","hentry"],"translation":{"provider":"WPGlobus","version":"3.0.2","language":"es","enabled_languages":["ca","es"],"languages":{"ca":{"title":true,"content":true,"excerpt":false},"es":{"title":true,"content":true,"excerpt":false}}},"_links":{"self":[{"href":"https:\/\/eebg.cat\/es\/wp-json\/wp\/v2\/pages\/678","targetHints":{"allow":["GET"]}}],"collection":[{"href":"https:\/\/eebg.cat\/es\/wp-json\/wp\/v2\/pages"}],"about":[{"href":"https:\/\/eebg.cat\/es\/wp-json\/wp\/v2\/types\/page"}],"author":[{"embeddable":true,"href":"https:\/\/eebg.cat\/es\/wp-json\/wp\/v2\/users\/1"}],"replies":[{"embeddable":true,"href":"https:\/\/eebg.cat\/es\/wp-json\/wp\/v2\/comments?post=678"}],"version-history":[{"count":0,"href":"https:\/\/eebg.cat\/es\/wp-json\/wp\/v2\/pages\/678\/revisions"}],"wp:attachment":[{"href":"https:\/\/eebg.cat\/es\/wp-json\/wp\/v2\/media?parent=678"}],"curies":[{"name":"wp","href":"https:\/\/api.w.org\/{rel}","templated":true}]}}