{"id":674,"date":"2018-03-03T14:19:24","date_gmt":"2018-03-03T12:19:24","guid":{"rendered":"https:\/\/eebg.cat\/?page_id=674"},"modified":"2018-03-03T14:19:24","modified_gmt":"2018-03-03T12:19:24","slug":"historia","status":"publish","type":"page","link":"https:\/\/eebg.cat\/es\/historia\/","title":{"rendered":"Historia"},"content":{"rendered":"<p>La Iglesia Evang\u00e9lica Bautista de Gracia tiene su origen en las primeras comunidades evang\u00e9licas que las Misiones Bautistas suecas fundaron a finales del siglo XIX, concretamente en el barrio de la Barceloneta. El ministerio pastoral del Dr. Erik Lund consigui\u00f3 fundar una congregaci\u00f3n que creci\u00f3 progresivamente, convirti\u00e9ndose en pastores de la congregaci\u00f3n, posteriormente, Manuel Mar\u00edn y Gabriel Anglada. Los puntos de misi\u00f3n se extendieron por la ciudad y naci\u00f3 una nueva sede en la calle de Aribau, 11, impulsada por el pastor Ambrosio Celma. El crecimiento de esta comunidad fue tal, que en el a\u00f1o 1914 se tuvo que buscar un nuevo local en la calle de Sant Agust\u00ed, 14, en el barrio de Gracia.<\/p>\n<p>Como consecuencia del incremento de asistentes, la iglesia adquiri\u00f3, en el a\u00f1o 1926, en el mismo barrio de Gracia, un local en la calle de la Riera de Sant Miquel, 54, llegando a tener m\u00e1s de 300 miembros, pero con el alzamiento militar del general Primo de Rivera, se dio la orden de clausurar el local durante unos a\u00f1os. Gracias a la Segunda Rep\u00fablica, en el a\u00f1o 1932 volvi\u00f3 la libertad religiosa y se pudo desarrollar una intensa actividad de testimonio p\u00fablico. Desgraciadamente, durante la guerra civil (1936-39) la iglesia permaneci\u00f3 cerrada, aunque los hermanos se reun\u00edan en domicilios particulares en peque\u00f1os grupos. Las iglesias protestantes no extranjeras fueron clausuradas, e incluso algunas fueron asaltadas durante los primeros a\u00f1os de la dictadura del general Franco. Los pastores tuvieron que exiliarse en el extranjero y los cultos se siguieron celebrando de forma clandestina en las casas o en el campo. A partir de 1945 se permiti\u00f3 la apertura de las iglesias evang\u00e9licas con local propio. A ra\u00edz de ello, una familia proporcion\u00f3 un terreno en el pasaje de Nogu\u00e9s, 47, para construir un local con capacidad para 300 personas.<\/p>\n<p>En la d\u00e9cada de los a\u00f1os cincuenta la iglesia creci\u00f3 espectacularmente, y el local volvi\u00f3 a resultar insuficiente. Entonces se originaron dos nuevas comunidades: la iglesia de la Bonanova, en Sant Gervasi, y a partir de 1957, la de la calle de Verdi, 191, en el barrio de Gracia. La construcci\u00f3n del edificio en la calle de Verdi, de grandes dimensiones con espacios y salas independientes, y con piso pastoral, supuso un esfuerzo que dur\u00f3 m\u00e1s de tres a\u00f1os. Se inaugur\u00f3 con gran entusiasmo por parte de la comunidad, pero poco tiempo despu\u00e9s el Gobierno Civil de Barcelona lo clausur\u00f3 y deneg\u00f3 el permiso correspondiente. Durante el per\u00edodo en que permaneci\u00f3 clausurada, la congregaci\u00f3n se reun\u00eda en la iglesia de la calle de Terol, 22. Despu\u00e9s de muchas gestiones, nacionales e internacionales, lleg\u00f3 la autorizaci\u00f3n de la apertura el 4 de abril de 1959 y se inici\u00f3 un per\u00edodo de vida espiritual muy intensa y de gran crecimiento. Se reorganiz\u00f3 la escuela dominical, el grupo de j\u00f3venes, las reuniones de oraci\u00f3n, los exploradores juveniles (una especie de adaptaci\u00f3n de los Boy Scouts con actividades dirigidas a los j\u00f3venes para fomentar su crecimiento y el contacto con la naturaleza), etc. Todo ello bajo el liderazgo del pastor Jos\u00e9 Mar\u00eda Mart\u00ednez, desde el a\u00f1o 1950 hasta su jubilaci\u00f3n en el a\u00f1o 1977.<\/p>\n<p>En el a\u00f1o 1978, se incorpor\u00f3 como pastor titular David F. Burt hasta el a\u00f1o 1991. El gran n\u00famero de miembros hizo necesario el nombramiento de un pastor auxiliar, y fue designado Manuel Rodr\u00edguez, que en el a\u00f1o 1992 ser\u00eda el pastor titular hasta 2003. Durante esos a\u00f1os nace un punto de misi\u00f3n en la calle Santa Ot\u00edlia, 27, actualmente sede de la Alianza Evang\u00e9lica Espa\u00f1ola. Tambi\u00e9n en ese per\u00edodo se crea el Hogar de Ancianos Ebenezer con capacidad para 21 residentes. En el a\u00f1o 2003 y hasta 2010 fue pastor Josep Llu\u00eds G\u00f3mez, habi\u00e9ndose incorporado poco despu\u00e9s Jordi Ferr\u00f3n como pastor auxiliar durante un per\u00edodo de 4 a\u00f1os. Actualmente la tarea pastoral est\u00e1 a cargo de Francisco Mira y de un presbiterio formado por varios miembros. En nuestra iglesia colaboramos un gran n\u00famero de personas en diversos departamentos. Si quieres, nos puedes conocer y ver qu\u00e9 tareas llevamos a cabo juntos.<\/p>\n<p>En resumen, m\u00e1s de 125 a\u00f1os para la evangelizaci\u00f3n, el estudio de la Palabra de Dios y una vida en comunidad al servicio de nuestra ciudad, proclamando el mensaje de las buenas nuevas de salvaci\u00f3n.<\/p>\n","protected":false},"excerpt":{"rendered":"<p>La Iglesia Evang\u00e9lica Bautista de Gracia tiene su origen en las primeras comunidades evang\u00e9licas que las Misiones Bautistas suecas fundaron a finales del siglo XIX, concretamente en el barrio de &hellip;<\/p>\n","protected":false},"author":1,"featured_media":0,"parent":0,"menu_order":0,"comment_status":"closed","ping_status":"closed","template":"","meta":{"footnotes":""},"class_list":["post-674","page","type-page","status-publish","hentry"],"translation":{"provider":"WPGlobus","version":"3.0.2","language":"es","enabled_languages":["ca","es"],"languages":{"ca":{"title":true,"content":true,"excerpt":false},"es":{"title":true,"content":true,"excerpt":false}}},"_links":{"self":[{"href":"https:\/\/eebg.cat\/es\/wp-json\/wp\/v2\/pages\/674","targetHints":{"allow":["GET"]}}],"collection":[{"href":"https:\/\/eebg.cat\/es\/wp-json\/wp\/v2\/pages"}],"about":[{"href":"https:\/\/eebg.cat\/es\/wp-json\/wp\/v2\/types\/page"}],"author":[{"embeddable":true,"href":"https:\/\/eebg.cat\/es\/wp-json\/wp\/v2\/users\/1"}],"replies":[{"embeddable":true,"href":"https:\/\/eebg.cat\/es\/wp-json\/wp\/v2\/comments?post=674"}],"version-history":[{"count":0,"href":"https:\/\/eebg.cat\/es\/wp-json\/wp\/v2\/pages\/674\/revisions"}],"wp:attachment":[{"href":"https:\/\/eebg.cat\/es\/wp-json\/wp\/v2\/media?parent=674"}],"curies":[{"name":"wp","href":"https:\/\/api.w.org\/{rel}","templated":true}]}}