{"id":1485,"date":"2018-10-20T02:18:42","date_gmt":"2018-10-20T00:18:42","guid":{"rendered":"https:\/\/eebg.cat\/?page_id=1485"},"modified":"2018-10-20T02:18:42","modified_gmt":"2018-10-20T00:18:42","slug":"politica-de-privacitat","status":"publish","type":"page","link":"https:\/\/eebg.cat\/es\/politica-de-privacitat\/","title":{"rendered":"Pol\u00edtica de privacidad"},"content":{"rendered":"<p>1. La entidad titular del sitio web <a href=\"http:\/\/eebg.cat\">eebg.cat<\/a> (en adelante \u00abel sitio web\u00bb) y de los nombres de dominio conducentes al mismo (<a href=\"http:\/\/eebg.es\">eebg.es<\/a>, <a href=\"http:\/\/eebg.eu\">eebg.eu<\/a> y <a href=\"http:\/\/eebg.org\">eebg.org<\/a>) es la Iglesia Evang\u00e9lica Bautista de Gracia (en adelante \u00abla entidad\u00bb), con domicilio en Carrer de Verdi, 191, 08012 Barcelona, n\u00famero de C.I.F.: R0800714H y correo electr\u00f3nico de contacto: <a href=\"mailto:info@eebg.cat\">info@eebg.cat<\/a>.<\/p>\n<p>2. Esta declaraci\u00f3n tiene como finalidad informar a los usuarios de la pol\u00edtica de protecci\u00f3n de datos personales seguida por la entidad. Ser\u00e1 aplicable en caso de que los usuarios decidan rellenar alg\u00fan formulario de la entidad donde se recaben datos de car\u00e1cter personal, sin perjuicio de lo indicado en la Cl\u00e1usula de Privacidad aplicable a cada formulario concreto. En dichos formularios tendr\u00e1n car\u00e1cter obligatorio aquellos campos se\u00f1alados como tal, por lo que la omisi\u00f3n de alguno de ellos podr\u00e1 comportar la imposibilidad de acceder a la consulta o el servicio solicitado.<\/p>\n<p>3. Todos los datos de car\u00e1cter personal facilitados a la entidad ser\u00e1n tratados por \u00e9sta de acuerdo con la Ley Org\u00e1nica 15\/1999 de 13 de diciembre de Protecci\u00f3n de Datos de Car\u00e1cter Personal y el RD 1720\/2007 de 21 de diciembre y quedar\u00e1n incorporados en un fichero automatizado, creado y mantenido bajo la responsabilidad de la entidad. Los datos personales proporcionados se conservar\u00e1n durante el tiempo necesario para cumplir con la finalidad para la que se recaban.<\/p>\n<p>4. La entidad se compromete a proteger la informaci\u00f3n confidencial a la que tenga acceso adoptando las medidas de seguridad de \u00edndole t\u00e9cnica y organizativa necesarias para evitar su alteraci\u00f3n, p\u00e9rdida, tratamiento o acceso no autorizado. Sin embargo, no puede garantizar la absoluta inexpugnabilidad de la red Internet y por tanto la violaci\u00f3n de los datos mediante accesos fraudulentos a ellos por parte de terceros.<\/p>\n<p>5. La finalidad de los datos recogidos ser\u00e1: (i) atender a consultas dirigidas a la entidad; (ii) el env\u00edo de informaci\u00f3n promocional relacionada con la entidad, sus actividades y servicios; (iii) la gesti\u00f3n contable, fiscal y administrativa de las aportaciones econ\u00f3micas realizadas por los usuarios y\/o miembros de iglesia y (iv) la realizaci\u00f3n de las distintas actividades religiosas derivadas de su condici\u00f3n de miembros.<\/p>\n<p>6. La entidad podr\u00e1 ceder la informaci\u00f3n recopilada a la Administraci\u00f3n Tributaria y\/o Bancos y Cajas de Ahorro, siempre y cuando dicha cesi\u00f3n se realice para las finalidades determinadas en el Punto 5 de la presente Pol\u00edtica de Privacidad. Los datos personales facilitados no ser\u00e1n cedidos ni comunicados a terceros distintos de los referidos en este apartado sin el previo consentimiento expreso del usuario.<\/p>\n<p>7. Los usuarios responder\u00e1n, en cualquier caso, de la veracidad de los datos facilitados y se hacen responsables de comunicar a la entidad cualquier modificaci\u00f3n en los mismos, quedando la entidad exenta de cualquier tipo de responsabilidad a este respecto.<\/p>\n<p>8. El usuario certifica que no es menor de 14 a\u00f1os y que, por lo tanto, posee la capacidad legal necesaria para la prestaci\u00f3n del consentimiento al tratamiento de sus datos de car\u00e1cter personal conforme a lo establecido en la presente Pol\u00edtica de Privacidad.<\/p>\n<p>9. El usuario puede, en todo momento, ejercitar los derechos de acceso, rectificaci\u00f3n, cancelaci\u00f3n y oposici\u00f3n sobre sus datos personales as\u00ed como el de revocaci\u00f3n del consentimiento para cualquiera de las finalidades antes se\u00f1aladas, dirigiendo carta firmada a la direcci\u00f3n postal arriba indicada o correo electr\u00f3nico a <a href=\"mailto:info@eebg.cat\">info@eebg.cat<\/a>, indicando los datos de contacto y adjuntando fotocopia del DNI o documento que acredite su identidad.<\/p>\n<p>10. POLITICA DE COOKIES: Parte de los servicios que la entidad ofrece a sus usuarios utilizan cookies. La cookie es un peque\u00f1o archivo de texto que el servidor puede guardar en el disco local de un equipo para almacenar alg\u00fan tipo de informaci\u00f3n sobre el usuario. La cookie s\u00f3lo puede ser le\u00edda por el sitio web que lo envi\u00f3 al equipo. No es un archivo ejecutable ni puede propagar ni contener un virus. La entidad utiliza estos datos con el fin \u00faltimo de mejorar sus servicios. La informaci\u00f3n que la entidad almacena mediante este mecanismo permite reconocer al usuario en sus diferentes visitas al sitio web. El usuario puede en todo momento acceder a la configuraci\u00f3n de privacidad de su navegador para aceptar o rechazar todas las cookies, o bien seleccionar aquellas cuya instalaci\u00f3n admite. La entidad no se responsabiliza de que la desactivaci\u00f3n de las cookies impida el buen funcionamiento de la p\u00e1gina.<\/p>\n<p>11. La entidad puede modificar esta Pol\u00edtica de Privacidad en funci\u00f3n de exigencias legislativas o de autorregulaci\u00f3n, por ello se aconseja a los usuarios que la visiten peri\u00f3dicamente.<\/p>\n","protected":false},"excerpt":{"rendered":"<p>1. La entidad titular del sitio web eebg.cat (en adelante \u00abel sitio web\u00bb) y de los nombres de dominio conducentes al mismo (eebg.es, eebg.eu y eebg.org) es la Iglesia Evang\u00e9lica &hellip;<\/p>\n","protected":false},"author":1,"featured_media":0,"parent":0,"menu_order":0,"comment_status":"closed","ping_status":"closed","template":"","meta":{"footnotes":""},"class_list":["post-1485","page","type-page","status-publish","hentry"],"translation":{"provider":"WPGlobus","version":"3.0.2","language":"es","enabled_languages":["ca","es"],"languages":{"ca":{"title":true,"content":true,"excerpt":false},"es":{"title":true,"content":true,"excerpt":false}}},"_links":{"self":[{"href":"https:\/\/eebg.cat\/es\/wp-json\/wp\/v2\/pages\/1485","targetHints":{"allow":["GET"]}}],"collection":[{"href":"https:\/\/eebg.cat\/es\/wp-json\/wp\/v2\/pages"}],"about":[{"href":"https:\/\/eebg.cat\/es\/wp-json\/wp\/v2\/types\/page"}],"author":[{"embeddable":true,"href":"https:\/\/eebg.cat\/es\/wp-json\/wp\/v2\/users\/1"}],"replies":[{"embeddable":true,"href":"https:\/\/eebg.cat\/es\/wp-json\/wp\/v2\/comments?post=1485"}],"version-history":[{"count":0,"href":"https:\/\/eebg.cat\/es\/wp-json\/wp\/v2\/pages\/1485\/revisions"}],"wp:attachment":[{"href":"https:\/\/eebg.cat\/es\/wp-json\/wp\/v2\/media?parent=1485"}],"curies":[{"name":"wp","href":"https:\/\/api.w.org\/{rel}","templated":true}]}}