{"id":1051,"date":"2018-03-18T01:11:56","date_gmt":"2018-03-18T00:11:56","guid":{"rendered":"https:\/\/eebg.cat\/?page_id=1051"},"modified":"2018-03-18T01:11:56","modified_gmt":"2018-03-18T00:11:56","slug":"biblioteca","status":"publish","type":"page","link":"https:\/\/eebg.cat\/es\/biblioteca\/","title":{"rendered":"Biblioteca"},"content":{"rendered":"<p>En los libros encontramos todo un mundo por descubrir y en nuestra iglesia disponemos de una amplia biblioteca de libros de autores cristianos que nos hablan de much\u00edsimos temas. Desde estudios de libros concretos de la Biblia, a temas de familia, apolog\u00e9tica, vida cristiana, teolog\u00eda, educaci\u00f3n e hijos, espiritualidad, crecimiento personal, ecolog\u00eda, etc. El eje central es lo que dice Dios en la Biblia y, mediante su lectura, Dios nos habla y aconseja sobre todos los aspectos de la vida.<\/p>\n<p>M\u00e1s informaci\u00f3n en: <a href=\"mailto:info@eebg.cat\">info@eebg.cat<\/a><\/p>\n","protected":false},"excerpt":{"rendered":"<p>En los libros encontramos todo un mundo por descubrir y en nuestra iglesia disponemos de una amplia biblioteca de libros de autores cristianos que nos hablan de much\u00edsimos temas. Desde &hellip;<\/p>\n","protected":false},"author":1,"featured_media":0,"parent":0,"menu_order":0,"comment_status":"closed","ping_status":"closed","template":"","meta":{"footnotes":""},"class_list":["post-1051","page","type-page","status-publish","hentry"],"translation":{"provider":"WPGlobus","version":"3.0.2","language":"es","enabled_languages":["ca","es"],"languages":{"ca":{"title":true,"content":true,"excerpt":false},"es":{"title":true,"content":true,"excerpt":false}}},"_links":{"self":[{"href":"https:\/\/eebg.cat\/es\/wp-json\/wp\/v2\/pages\/1051","targetHints":{"allow":["GET"]}}],"collection":[{"href":"https:\/\/eebg.cat\/es\/wp-json\/wp\/v2\/pages"}],"about":[{"href":"https:\/\/eebg.cat\/es\/wp-json\/wp\/v2\/types\/page"}],"author":[{"embeddable":true,"href":"https:\/\/eebg.cat\/es\/wp-json\/wp\/v2\/users\/1"}],"replies":[{"embeddable":true,"href":"https:\/\/eebg.cat\/es\/wp-json\/wp\/v2\/comments?post=1051"}],"version-history":[{"count":1,"href":"https:\/\/eebg.cat\/es\/wp-json\/wp\/v2\/pages\/1051\/revisions"}],"predecessor-version":[{"id":14061,"href":"https:\/\/eebg.cat\/es\/wp-json\/wp\/v2\/pages\/1051\/revisions\/14061"}],"wp:attachment":[{"href":"https:\/\/eebg.cat\/es\/wp-json\/wp\/v2\/media?parent=1051"}],"curies":[{"name":"wp","href":"https:\/\/api.w.org\/{rel}","templated":true}]}}