{"id":1049,"date":"2018-03-18T01:11:34","date_gmt":"2018-03-18T00:11:34","guid":{"rendered":"https:\/\/eebg.cat\/?page_id=1049"},"modified":"2018-03-18T01:11:34","modified_gmt":"2018-03-18T00:11:34","slug":"activitats-al-barri","status":"publish","type":"page","link":"https:\/\/eebg.cat\/es\/activitats-al-barri\/","title":{"rendered":"Actividades en el Barrio"},"content":{"rendered":"<p>Estamos en el barrio de Gracia desde el a\u00f1o 1914. Formamos parte de su historia y queremos aportar nuestro grano de arena para crecer juntos y mejorar en aspectos diversos como el social, el cultural, y la pr\u00e1ctica de la solidaridad. Organizamos talleres gratuitos para fomentar el \u00e1rea social y favorecer la creatividad. Ofrecemos conciertos de diferentes estilos musicales y alguna exposici\u00f3n de obras de arte, as\u00ed como obras de teatro. Participamos en el d\u00eda del libro con actividades y juegos para los m\u00e1s peque\u00f1os y tenemos un ciclo de conferencias anual para tratar temas de actualidad, crecimiento personal, espiritualidad y fe, entre otros. Asimismo, todas nuestras reuniones y encuentros est\u00e1n abiertos a todo aqu\u00e9l que quiera venir y conocer m\u00e1s de la fe en Jes\u00fas, y c\u00f3mo esta influye en nuestra vida.<\/p>\n<p>M\u00e1s informaci\u00f3n en: <a href=\"mailto:contacte@eebg.cat\">contacte@eebg.cat<\/a><\/p>\n","protected":false},"excerpt":{"rendered":"<p>Estamos en el barrio de Gracia desde el a\u00f1o 1914. Formamos parte de su historia y queremos aportar nuestro grano de arena para crecer juntos y mejorar en aspectos diversos &hellip;<\/p>\n","protected":false},"author":1,"featured_media":0,"parent":0,"menu_order":0,"comment_status":"closed","ping_status":"closed","template":"","meta":{"footnotes":""},"class_list":["post-1049","page","type-page","status-publish","hentry"],"translation":{"provider":"WPGlobus","version":"3.0.2","language":"es","enabled_languages":["ca","es"],"languages":{"ca":{"title":true,"content":true,"excerpt":false},"es":{"title":true,"content":true,"excerpt":false}}},"_links":{"self":[{"href":"https:\/\/eebg.cat\/es\/wp-json\/wp\/v2\/pages\/1049","targetHints":{"allow":["GET"]}}],"collection":[{"href":"https:\/\/eebg.cat\/es\/wp-json\/wp\/v2\/pages"}],"about":[{"href":"https:\/\/eebg.cat\/es\/wp-json\/wp\/v2\/types\/page"}],"author":[{"embeddable":true,"href":"https:\/\/eebg.cat\/es\/wp-json\/wp\/v2\/users\/1"}],"replies":[{"embeddable":true,"href":"https:\/\/eebg.cat\/es\/wp-json\/wp\/v2\/comments?post=1049"}],"version-history":[{"count":1,"href":"https:\/\/eebg.cat\/es\/wp-json\/wp\/v2\/pages\/1049\/revisions"}],"predecessor-version":[{"id":15670,"href":"https:\/\/eebg.cat\/es\/wp-json\/wp\/v2\/pages\/1049\/revisions\/15670"}],"wp:attachment":[{"href":"https:\/\/eebg.cat\/es\/wp-json\/wp\/v2\/media?parent=1049"}],"curies":[{"name":"wp","href":"https:\/\/api.w.org\/{rel}","templated":true}]}}