{"id":1047,"date":"2018-03-18T01:10:56","date_gmt":"2018-03-18T00:10:56","guid":{"rendered":"https:\/\/eebg.cat\/?page_id=1047"},"modified":"2018-03-18T01:10:56","modified_gmt":"2018-03-18T00:10:56","slug":"obra-social","status":"publish","type":"page","link":"https:\/\/eebg.cat\/es\/obra-social\/","title":{"rendered":"Obra Social"},"content":{"rendered":"<p>Somos sensibles a las necesidades y, siguiendo el ejemplo de Jes\u00fas, queremos ayudar a aquellos que m\u00e1s lo necesitan. En coordinaci\u00f3n con la trabajadora social del Distrito de Gracia, ayudamos a familias del barrio y a familias de la iglesia. El amor de Dios nos mueve a ser solidarios con los que tenemos alrededor, con diferentes entidades de ayuda social, residencias infantiles, hospital evang\u00e9lico&#8230; y con las peticiones de ayuda m\u00e1s urgentes que nos llegan de todo el mundo a causa de cat\u00e1strofes naturales o de otro tipo. Disponemos de un servicio de ropa que vamos renovando con aportaciones de la iglesia y tambi\u00e9n de un espacio solidario que cada domingo ofrece caf\u00e9 y pastas para recoger fondos destinados a proyectos concretos.<\/p>\n<p>M\u00e1s informaci\u00f3n en: <a href=\"mailto:social@eebg.cat\">social@eebg.cat<\/a><\/p>\n","protected":false},"excerpt":{"rendered":"<p>Somos sensibles a las necesidades y, siguiendo el ejemplo de Jes\u00fas, queremos ayudar a aquellos que m\u00e1s lo necesitan. En coordinaci\u00f3n con la trabajadora social del Distrito de Gracia, ayudamos &hellip;<\/p>\n","protected":false},"author":1,"featured_media":0,"parent":0,"menu_order":0,"comment_status":"closed","ping_status":"closed","template":"","meta":{"footnotes":""},"class_list":["post-1047","page","type-page","status-publish","hentry"],"translation":{"provider":"WPGlobus","version":"3.0.2","language":"es","enabled_languages":["ca","es"],"languages":{"ca":{"title":true,"content":true,"excerpt":false},"es":{"title":true,"content":true,"excerpt":false}}},"_links":{"self":[{"href":"https:\/\/eebg.cat\/es\/wp-json\/wp\/v2\/pages\/1047","targetHints":{"allow":["GET"]}}],"collection":[{"href":"https:\/\/eebg.cat\/es\/wp-json\/wp\/v2\/pages"}],"about":[{"href":"https:\/\/eebg.cat\/es\/wp-json\/wp\/v2\/types\/page"}],"author":[{"embeddable":true,"href":"https:\/\/eebg.cat\/es\/wp-json\/wp\/v2\/users\/1"}],"replies":[{"embeddable":true,"href":"https:\/\/eebg.cat\/es\/wp-json\/wp\/v2\/comments?post=1047"}],"version-history":[{"count":0,"href":"https:\/\/eebg.cat\/es\/wp-json\/wp\/v2\/pages\/1047\/revisions"}],"wp:attachment":[{"href":"https:\/\/eebg.cat\/es\/wp-json\/wp\/v2\/media?parent=1047"}],"curies":[{"name":"wp","href":"https:\/\/api.w.org\/{rel}","templated":true}]}}