{"id":1041,"date":"2018-03-18T01:08:57","date_gmt":"2018-03-18T00:08:57","guid":{"rendered":"https:\/\/eebg.cat\/?page_id=1041"},"modified":"2025-02-01T17:46:46","modified_gmt":"2025-02-01T16:46:46","slug":"grup-de-pregaria","status":"publish","type":"page","link":"https:\/\/eebg.cat\/es\/grup-de-pregaria\/","title":{"rendered":"Grupo de Oraci\u00f3n"},"content":{"rendered":"<p>Creemos en un Dios vivo que escucha nuestras oraciones y creemos en una relaci\u00f3n personal con \u00e9l. Vemos las necesidades y problemas que nos rodean y tambi\u00e9n vemos como Dios act\u00faa en nuestras vidas y nos va guiando. Nos reunimos online todos los jueves a las 20h y los domingos en la iglesia a las 10h para orar juntos, pidiendo a Dios por las necesidades y situaciones que nos rodean y para darle gracias por su cuidado hacia nosotros. Los viernes, cada dos semanas, tambi\u00e9n nos reunimos online a las 20h para orar por situaciones de todo el mundo que tienen que ver con otras iglesias y misioneros. Desgraciadamente, hay pa\u00edses donde no hay libertad religiosa, y constantemente recibimos noticias de cristianos que sufren persecuci\u00f3n por parte de las autoridades.<\/p>\n<p>M\u00e1s informaci\u00f3n en: <a href=\"mailto:pregaria@eebg.cat\">pregaria@eebg.cat<\/a><\/p>\n","protected":false},"excerpt":{"rendered":"<p>Creemos en un Dios vivo que escucha nuestras oraciones y creemos en una relaci\u00f3n personal con \u00e9l. Vemos las necesidades y problemas que nos rodean y tambi\u00e9n vemos como Dios &hellip;<\/p>\n","protected":false},"author":1,"featured_media":0,"parent":0,"menu_order":0,"comment_status":"closed","ping_status":"closed","template":"","meta":{"footnotes":""},"class_list":["post-1041","page","type-page","status-publish","hentry"],"translation":{"provider":"WPGlobus","version":"3.0.2","language":"es","enabled_languages":["ca","es"],"languages":{"ca":{"title":true,"content":true,"excerpt":false},"es":{"title":true,"content":true,"excerpt":false}}},"_links":{"self":[{"href":"https:\/\/eebg.cat\/es\/wp-json\/wp\/v2\/pages\/1041","targetHints":{"allow":["GET"]}}],"collection":[{"href":"https:\/\/eebg.cat\/es\/wp-json\/wp\/v2\/pages"}],"about":[{"href":"https:\/\/eebg.cat\/es\/wp-json\/wp\/v2\/types\/page"}],"author":[{"embeddable":true,"href":"https:\/\/eebg.cat\/es\/wp-json\/wp\/v2\/users\/1"}],"replies":[{"embeddable":true,"href":"https:\/\/eebg.cat\/es\/wp-json\/wp\/v2\/comments?post=1041"}],"version-history":[{"count":3,"href":"https:\/\/eebg.cat\/es\/wp-json\/wp\/v2\/pages\/1041\/revisions"}],"predecessor-version":[{"id":14040,"href":"https:\/\/eebg.cat\/es\/wp-json\/wp\/v2\/pages\/1041\/revisions\/14040"}],"wp:attachment":[{"href":"https:\/\/eebg.cat\/es\/wp-json\/wp\/v2\/media?parent=1041"}],"curies":[{"name":"wp","href":"https:\/\/api.w.org\/{rel}","templated":true}]}}