{"id":1039,"date":"2018-03-18T01:07:37","date_gmt":"2018-03-18T00:07:37","guid":{"rendered":"https:\/\/eebg.cat\/?page_id=1039"},"modified":"2018-03-18T01:07:37","modified_gmt":"2018-03-18T00:07:37","slug":"tercera-edat","status":"publish","type":"page","link":"https:\/\/eebg.cat\/es\/tercera-edat\/","title":{"rendered":"Tercera Edad"},"content":{"rendered":"<p>Nuestra iglesia es como una gran familia, y en las grandes familias no faltan los abuelos. Tenemos un equipo que dedica parte de su tiempo a atender a personas mayores y visitarlas regularmente. Este equipo tambi\u00e9n coordina las visitas especiales que realizan los ni\u00f1os y j\u00f3venes regalando alg\u00fan detalle preparado en el espacio de tiempo libre\u00a0 y amenizando la visita con m\u00fasica y canciones.<\/p>\n<p>M\u00e1s informaci\u00f3n en: <a href=\"mailto:info@eebg.cat\">info@eebg.cat<\/a><\/p>\n","protected":false},"excerpt":{"rendered":"<p>Nuestra iglesia es como una gran familia, y en las grandes familias no faltan los abuelos. Tenemos un equipo que dedica parte de su tiempo a atender a personas mayores &hellip;<\/p>\n","protected":false},"author":1,"featured_media":0,"parent":0,"menu_order":0,"comment_status":"closed","ping_status":"closed","template":"","meta":{"footnotes":""},"class_list":["post-1039","page","type-page","status-publish","hentry"],"translation":{"provider":"WPGlobus","version":"3.0.2","language":"es","enabled_languages":["ca","es"],"languages":{"ca":{"title":true,"content":true,"excerpt":false},"es":{"title":true,"content":true,"excerpt":false}}},"_links":{"self":[{"href":"https:\/\/eebg.cat\/es\/wp-json\/wp\/v2\/pages\/1039","targetHints":{"allow":["GET"]}}],"collection":[{"href":"https:\/\/eebg.cat\/es\/wp-json\/wp\/v2\/pages"}],"about":[{"href":"https:\/\/eebg.cat\/es\/wp-json\/wp\/v2\/types\/page"}],"author":[{"embeddable":true,"href":"https:\/\/eebg.cat\/es\/wp-json\/wp\/v2\/users\/1"}],"replies":[{"embeddable":true,"href":"https:\/\/eebg.cat\/es\/wp-json\/wp\/v2\/comments?post=1039"}],"version-history":[{"count":0,"href":"https:\/\/eebg.cat\/es\/wp-json\/wp\/v2\/pages\/1039\/revisions"}],"wp:attachment":[{"href":"https:\/\/eebg.cat\/es\/wp-json\/wp\/v2\/media?parent=1039"}],"curies":[{"name":"wp","href":"https:\/\/api.w.org\/{rel}","templated":true}]}}