{"id":1037,"date":"2018-03-18T01:06:23","date_gmt":"2018-03-18T00:06:23","guid":{"rendered":"https:\/\/eebg.cat\/?page_id=1037"},"modified":"2018-03-18T01:06:23","modified_gmt":"2018-03-18T00:06:23","slug":"grup-de-families","status":"publish","type":"page","link":"https:\/\/eebg.cat\/es\/grup-de-families\/","title":{"rendered":"Grupo de Familias"},"content":{"rendered":"<p>Este grupo lo formamos todas las familias con o sin hijos con el deseo de compartir dudas, preocupaciones, ilusiones y retos con otras familias. Nos encontramos cada tres meses para tratar temas de actualidad relacionados con la familia, las relaciones familiares, la educaci\u00f3n en los valores, los hijos adolescentes, etc. desde una perspectiva b\u00edblica. Tenemos dos actividades consolidadas, una salida a la nieve para disfrutar de la naturaleza y una cena rom\u00e1ntica en el mes de abril enfocado a las parejas.<\/p>\n<p>M\u00e1s informaci\u00f3n en: <a href=\"mailto:families@eebg.cat\">families@eebg.cat<\/a><\/p>\n","protected":false},"excerpt":{"rendered":"<p>Este grupo lo formamos todas las familias con o sin hijos con el deseo de compartir dudas, preocupaciones, ilusiones y retos con otras familias. Nos encontramos cada tres meses para &hellip;<\/p>\n","protected":false},"author":1,"featured_media":0,"parent":0,"menu_order":0,"comment_status":"closed","ping_status":"closed","template":"","meta":{"footnotes":""},"class_list":["post-1037","page","type-page","status-publish","hentry"],"translation":{"provider":"WPGlobus","version":"3.0.2","language":"es","enabled_languages":["ca","es"],"languages":{"ca":{"title":true,"content":true,"excerpt":false},"es":{"title":true,"content":true,"excerpt":false}}},"_links":{"self":[{"href":"https:\/\/eebg.cat\/es\/wp-json\/wp\/v2\/pages\/1037","targetHints":{"allow":["GET"]}}],"collection":[{"href":"https:\/\/eebg.cat\/es\/wp-json\/wp\/v2\/pages"}],"about":[{"href":"https:\/\/eebg.cat\/es\/wp-json\/wp\/v2\/types\/page"}],"author":[{"embeddable":true,"href":"https:\/\/eebg.cat\/es\/wp-json\/wp\/v2\/users\/1"}],"replies":[{"embeddable":true,"href":"https:\/\/eebg.cat\/es\/wp-json\/wp\/v2\/comments?post=1037"}],"version-history":[{"count":0,"href":"https:\/\/eebg.cat\/es\/wp-json\/wp\/v2\/pages\/1037\/revisions"}],"wp:attachment":[{"href":"https:\/\/eebg.cat\/es\/wp-json\/wp\/v2\/media?parent=1037"}],"curies":[{"name":"wp","href":"https:\/\/api.w.org\/{rel}","templated":true}]}}