{"id":1033,"date":"2018-03-18T01:04:11","date_gmt":"2018-03-18T00:04:11","guid":{"rendered":"https:\/\/eebg.cat\/?page_id=1033"},"modified":"2018-03-18T01:04:11","modified_gmt":"2018-03-18T00:04:11","slug":"grup-de-joves","status":"publish","type":"page","link":"https:\/\/eebg.cat\/es\/grup-de-joves\/","title":{"rendered":"Grupo de J\u00f3venes"},"content":{"rendered":"<p>Somos un grupo de j\u00f3venes de entre 18 y 25 a\u00f1os que creemos en Dios y queremos vivir tal como Jes\u00fas nos ense\u00f1\u00f3. Por eso nos encontramos para estudiar la Biblia y pasarlo bien haciendo salidas, deporte, campamentos y muchas actividades m\u00e1s que puedes descubrir si nos acompa\u00f1as. Nos reunimos cada s\u00e1bado a las 19h. \u00bfQu\u00e9 te parecer\u00eda venir y conocernos? \u00a1Contamos contigo!<\/p>\n<p>M\u00e1s informaci\u00f3n en: <a href=\"mailto:joves@eebg.cat\">joves@eebg.cat<\/a><\/p>\n","protected":false},"excerpt":{"rendered":"<p>Somos un grupo de j\u00f3venes de entre 18 y 25 a\u00f1os que creemos en Dios y queremos vivir tal como Jes\u00fas nos ense\u00f1\u00f3. Por eso nos encontramos para estudiar la &hellip;<\/p>\n","protected":false},"author":1,"featured_media":0,"parent":0,"menu_order":0,"comment_status":"closed","ping_status":"closed","template":"","meta":{"footnotes":""},"class_list":["post-1033","page","type-page","status-publish","hentry"],"translation":{"provider":"WPGlobus","version":"3.0.2","language":"es","enabled_languages":["ca","es"],"languages":{"ca":{"title":true,"content":true,"excerpt":false},"es":{"title":true,"content":true,"excerpt":false}}},"_links":{"self":[{"href":"https:\/\/eebg.cat\/es\/wp-json\/wp\/v2\/pages\/1033","targetHints":{"allow":["GET"]}}],"collection":[{"href":"https:\/\/eebg.cat\/es\/wp-json\/wp\/v2\/pages"}],"about":[{"href":"https:\/\/eebg.cat\/es\/wp-json\/wp\/v2\/types\/page"}],"author":[{"embeddable":true,"href":"https:\/\/eebg.cat\/es\/wp-json\/wp\/v2\/users\/1"}],"replies":[{"embeddable":true,"href":"https:\/\/eebg.cat\/es\/wp-json\/wp\/v2\/comments?post=1033"}],"version-history":[{"count":0,"href":"https:\/\/eebg.cat\/es\/wp-json\/wp\/v2\/pages\/1033\/revisions"}],"wp:attachment":[{"href":"https:\/\/eebg.cat\/es\/wp-json\/wp\/v2\/media?parent=1033"}],"curies":[{"name":"wp","href":"https:\/\/api.w.org\/{rel}","templated":true}]}}