{"id":1031,"date":"2018-03-18T01:02:49","date_gmt":"2018-03-18T00:02:49","guid":{"rendered":"https:\/\/eebg.cat\/?page_id=1031"},"modified":"2018-03-18T01:02:49","modified_gmt":"2018-03-18T00:02:49","slug":"esplai-infantil-i-juvenil-grups-juvenils","status":"publish","type":"page","link":"https:\/\/eebg.cat\/es\/esplai-infantil-i-juvenil-grups-juvenils\/","title":{"rendered":"Grupos Juveniles"},"content":{"rendered":"<p>Grups Juvenils es nuestro espacio de tiempo libre los s\u00e1bados por la tarde para ni\u00f1os y ni\u00f1as de 5 a 17 a\u00f1os. \u00bfSab\u00edas que fue uno de los primeros de Barcelona? \u00a1Tenemos m\u00e1s de 50 a\u00f1os de historia! Jugamos, vamos de excursi\u00f3n, de campamentos, hacemos manualidades, gincanas, visitamos museos y muchas cosas m\u00e1s. Lo pasamos muy bien con nuestros amigos, y una de las actividades que m\u00e1s nos gusta es dedicar parte de nuestro tiempo a ayudar a los m\u00e1s necesitados, como por ejemplo: la visita a gente mayor en residencias, hospitales, e incluso en su casa. \u00a1Su sonrisa es nuestra recompensa! Todo lo que hacemos tiene un eje central que es Jes\u00fas. Seguimos su ejemplo y trabajamos los valores cristianos en nuestras actividades. Puedes quedarte en casa y aburrirte o venir con nosotros. \u00a1Te esperamos!<\/p>\n<p>M\u00e1s informaci\u00f3n en: <a href=\"mailto:juvenils@eebg.cat\">juvenils@eebg.cat<\/a><\/p>\n","protected":false},"excerpt":{"rendered":"<p>Grups Juvenils es nuestro espacio de tiempo libre los s\u00e1bados por la tarde para ni\u00f1os y ni\u00f1as de 5 a 17 a\u00f1os. \u00bfSab\u00edas que fue uno de los primeros de &hellip;<\/p>\n","protected":false},"author":1,"featured_media":0,"parent":0,"menu_order":0,"comment_status":"closed","ping_status":"closed","template":"","meta":{"footnotes":""},"class_list":["post-1031","page","type-page","status-publish","hentry"],"translation":{"provider":"WPGlobus","version":"3.0.2","language":"es","enabled_languages":["ca","es"],"languages":{"ca":{"title":true,"content":true,"excerpt":false},"es":{"title":true,"content":true,"excerpt":false}}},"_links":{"self":[{"href":"https:\/\/eebg.cat\/es\/wp-json\/wp\/v2\/pages\/1031","targetHints":{"allow":["GET"]}}],"collection":[{"href":"https:\/\/eebg.cat\/es\/wp-json\/wp\/v2\/pages"}],"about":[{"href":"https:\/\/eebg.cat\/es\/wp-json\/wp\/v2\/types\/page"}],"author":[{"embeddable":true,"href":"https:\/\/eebg.cat\/es\/wp-json\/wp\/v2\/users\/1"}],"replies":[{"embeddable":true,"href":"https:\/\/eebg.cat\/es\/wp-json\/wp\/v2\/comments?post=1031"}],"version-history":[{"count":0,"href":"https:\/\/eebg.cat\/es\/wp-json\/wp\/v2\/pages\/1031\/revisions"}],"wp:attachment":[{"href":"https:\/\/eebg.cat\/es\/wp-json\/wp\/v2\/media?parent=1031"}],"curies":[{"name":"wp","href":"https:\/\/api.w.org\/{rel}","templated":true}]}}