{"id":1027,"date":"2018-03-18T00:59:23","date_gmt":"2018-03-17T23:59:23","guid":{"rendered":"https:\/\/eebg.cat\/?page_id=1027"},"modified":"2018-03-18T00:59:23","modified_gmt":"2018-03-17T23:59:23","slug":"escola-dominical-infantil","status":"publish","type":"page","link":"https:\/\/eebg.cat\/es\/escola-dominical-infantil\/","title":{"rendered":"Escuela Dominical Infantil"},"content":{"rendered":"<p>La escuela dominical es el lugar donde ni\u00f1os y ni\u00f1as nos reunimos los domingos por la ma\u00f1ana para aprender de Dios y conocerle. Los maestros nos explican historias de la Biblia y hablamos de lo que nos preocupa. Aprendemos cosas sobre otros pa\u00edses y sus necesidades. Hacemos manualidades, jugamos, re\u00edmos y preparamos obras de teatro para fechas especiales.<\/p>\n<p>M\u00e1s informaci\u00f3n en: <a href=\"mailto:educacio@eebg.cat\">educacio@eebg.cat<\/a><\/p>\n","protected":false},"excerpt":{"rendered":"<p>La escuela dominical es el lugar donde ni\u00f1os y ni\u00f1as nos reunimos los domingos por la ma\u00f1ana para aprender de Dios y conocerle. Los maestros nos explican historias de la &hellip;<\/p>\n","protected":false},"author":1,"featured_media":0,"parent":0,"menu_order":0,"comment_status":"closed","ping_status":"closed","template":"","meta":{"footnotes":""},"class_list":["post-1027","page","type-page","status-publish","hentry"],"translation":{"provider":"WPGlobus","version":"3.0.2","language":"es","enabled_languages":["ca","es"],"languages":{"ca":{"title":true,"content":true,"excerpt":false},"es":{"title":true,"content":true,"excerpt":false}}},"_links":{"self":[{"href":"https:\/\/eebg.cat\/es\/wp-json\/wp\/v2\/pages\/1027","targetHints":{"allow":["GET"]}}],"collection":[{"href":"https:\/\/eebg.cat\/es\/wp-json\/wp\/v2\/pages"}],"about":[{"href":"https:\/\/eebg.cat\/es\/wp-json\/wp\/v2\/types\/page"}],"author":[{"embeddable":true,"href":"https:\/\/eebg.cat\/es\/wp-json\/wp\/v2\/users\/1"}],"replies":[{"embeddable":true,"href":"https:\/\/eebg.cat\/es\/wp-json\/wp\/v2\/comments?post=1027"}],"version-history":[{"count":0,"href":"https:\/\/eebg.cat\/es\/wp-json\/wp\/v2\/pages\/1027\/revisions"}],"wp:attachment":[{"href":"https:\/\/eebg.cat\/es\/wp-json\/wp\/v2\/media?parent=1027"}],"curies":[{"name":"wp","href":"https:\/\/api.w.org\/{rel}","templated":true}]}}